{"id":4622,"date":"2021-02-18T21:43:50","date_gmt":"2021-02-18T20:43:50","guid":{"rendered":"http:\/\/rsh-bonn.de\/?page_id=4622"},"modified":"2021-09-08T22:57:30","modified_gmt":"2021-09-08T20:57:30","slug":"lms","status":"publish","type":"page","link":"https:\/\/rsh-bonn.de\/?page_id=4622","title":{"rendered":"LMS"},"content":{"rendered":"<p><span style=\"font-family: arial, helvetica, sans-serif; font-size: 14pt;\"><strong>Einf\u00fchrung ins LMS <span style=\"color: #0000ff;\"><a style=\"color: #0000ff;\" href=\"https:\/\/rsh-bonn.de\/wp-content\/uploads\/2021\/02\/index.jpg\"><img loading=\"lazy\" decoding=\"async\" class=\" wp-image-4628 alignright\" src=\"https:\/\/rsh-bonn.de\/wp-content\/uploads\/2021\/02\/index.jpg\" alt=\"\" width=\"286\" height=\"51\" srcset=\"https:\/\/rsh-bonn.de\/wp-content\/uploads\/2021\/02\/index.jpg 532w, https:\/\/rsh-bonn.de\/wp-content\/uploads\/2021\/02\/index-300x54.jpg 300w\" sizes=\"auto, (max-width: 286px) 100vw, 286px\" \/><\/a><a style=\"color: #0000ff;\" href=\"https:\/\/184240.logineonrw-lms.de\/login\/index.php\" target=\"_blank\" rel=\"noopener\">(Startseite<\/a>)<\/span><br \/>\n<\/strong><\/span><\/p>\n<p><span style=\"font-family: arial, helvetica, sans-serif; font-size: 14pt;\">Liebe Sch\u00fclerinnen und Sch\u00fcler,<\/span><\/p>\n<p><span style=\"font-size: 14pt; font-family: arial, helvetica, sans-serif;\">im Folgenden erhaltet ihr weitere Infos \u00fcber<\/span><span style=\"font-size: 14pt; font-family: arial, helvetica, sans-serif;\"> unser LMS. LMS ist eine Abk\u00fcrzung und steht f\u00fcr <span style=\"color: #ff0000;\"><strong>L<\/strong><\/span>ern-<span style=\"color: #ff0000;\"><strong>M<\/strong><\/span>anagement-<span style=\"color: #ff0000;\"><strong>S<\/strong><\/span>ystem. Das System wird auch als<span style=\"color: #000000;\"> M<\/span><\/span><span style=\"font-size: 14pt;\"><span style=\"font-family: arial, helvetica, sans-serif;\"><span style=\"color: #000000;\">oodle-Lernplattform <\/span>bezeichnet. <\/span><br \/>\n<\/span><\/p>\n<p><span style=\"font-family: arial, helvetica, sans-serif; font-size: 14pt;\">Es folgen:<\/span><\/p>\n<ul>\n<li><span style=\"font-family: arial, helvetica, sans-serif; font-size: 14pt;\">\u00a02 verlinkte Youtube-Videos zu folgenden Themen<\/span><\/li>\n<\/ul>\n<p style=\"padding-left: 40px;\"><span style=\"font-size: 14pt; color: #0000ff;\"><a style=\"color: #0000ff;\" href=\"https:\/\/www.youtube.com\/watch?v=V_kP8DnanyY\" target=\"_blank\" rel=\"noopener\"><span style=\"font-family: arial, helvetica, sans-serif;\"><strong>Einloggen mit Laptop &amp; PC, Smartphone &amp; Tablet<\/strong><\/span><\/a><\/span><\/p>\n<p style=\"padding-left: 40px;\"><span style=\"font-size: 14pt; color: #0000ff;\"><u><\/u><a style=\"color: #0000ff;\" href=\"https:\/\/www.youtube.com\/watch?v=CMMu8JEqD7o\" target=\"_blank\" rel=\"noopener\"><span style=\"font-family: arial, helvetica, sans-serif;\"><strong>Abgabe von Aufgaben<\/strong><\/span><\/a><\/span><\/p>\n<ul>\n<li><span style=\"font-family: arial, helvetica, sans-serif; font-size: 14pt;\">Hier geht es zur kostenlosen Handy-App:<\/span><\/li>\n<\/ul>\n<p style=\"padding-left: 40px;\"><span style=\"color: #0000ff;\"><strong><span style=\"font-size: 14pt;\"><a style=\"color: #0000ff;\" href=\"https:\/\/play.google.com\/store\/apps\/details?id=com.moodle.moodlemobile&amp;hl=de\" target=\"_blank\" rel=\"noopener\"><span style=\"font-family: arial, helvetica, sans-serif;\">Google Playstore\/ Android<\/span><\/a><\/span><\/strong><\/span><\/p>\n<p style=\"padding-left: 40px;\"><span style=\"font-size: 14pt;\"><a href=\"https:\/\/itunes.apple.com\/de\/app\/moodle-mobile\/id633359593?mt=8\" target=\"_blank\" rel=\"noopener\"><span style=\"font-family: arial, helvetica, sans-serif;\"><span style=\"color: #0000ff;\"><strong>Apple Appstore<\/strong><\/span><\/span><\/a><\/span><\/p>\n<ul>\n<li><span style=\"font-size: 14pt;\"><span style=\"font-family: arial, helvetica, sans-serif;\">Hier geht\u00b4s zur <\/span><span style=\"color: #0000ff;\"><a style=\"color: #0000ff;\" href=\"https:\/\/184240.logineonrw-lms.de\/login\/index.php\" target=\"_blank\" rel=\"noopener\"><span style=\"font-family: arial, helvetica, sans-serif;\"><strong><span style=\"color: #0000ff;\">LMS-Startseite<\/span><\/strong><\/span><\/a><\/span><\/span><\/li>\n<\/ul>\n<p>&nbsp;<\/p>\n<p><span style=\"font-family: arial, helvetica, sans-serif; font-size: 14pt;\">Viel Erfolg mit unserem neuen LMS!!!<\/span><\/p>\n0\n<p>&nbsp;<\/p>\n","protected":false},"excerpt":{"rendered":"<p>Einf\u00fchrung ins LMS (Startseite) Liebe Sch\u00fclerinnen und Sch\u00fcler, im Folgenden erhaltet ihr weitere Infos \u00fcber unser LMS. LMS ist eine Abk\u00fcrzung und steht f\u00fcr Lern-Management-System. Das System wird auch als [&hellip;]<\/p>\n","protected":false},"author":2,"featured_media":4643,"parent":0,"menu_order":0,"comment_status":"closed","ping_status":"closed","template":"","meta":{"_price":"","_stock":"","_tribe_ticket_header":"","_tribe_default_ticket_provider":"","_tribe_ticket_capacity":"0","_ticket_start_date":"","_ticket_end_date":"","_tribe_ticket_show_description":"","_tribe_ticket_show_not_going":false,"_tribe_ticket_use_global_stock":"","_tribe_ticket_global_stock_level":"","_global_stock_mode":"","_global_stock_cap":"","_tribe_rsvp_for_event":"","_tribe_ticket_going_count":"","_tribe_ticket_not_going_count":"","_tribe_tickets_list":"[]","_tribe_ticket_has_attendee_info_fields":false,"footnotes":"","_tec_slr_enabled":"","_tec_slr_layout":""},"class_list":["post-4622","page","type-page","status-publish","has-post-thumbnail","hentry"],"jetpack_sharing_enabled":true,"ticketed":false,"_links":{"self":[{"href":"https:\/\/rsh-bonn.de\/index.php?rest_route=\/wp\/v2\/pages\/4622","targetHints":{"allow":["GET"]}}],"collection":[{"href":"https:\/\/rsh-bonn.de\/index.php?rest_route=\/wp\/v2\/pages"}],"about":[{"href":"https:\/\/rsh-bonn.de\/index.php?rest_route=\/wp\/v2\/types\/page"}],"author":[{"embeddable":true,"href":"https:\/\/rsh-bonn.de\/index.php?rest_route=\/wp\/v2\/users\/2"}],"replies":[{"embeddable":true,"href":"https:\/\/rsh-bonn.de\/index.php?rest_route=%2Fwp%2Fv2%2Fcomments&post=4622"}],"version-history":[{"count":21,"href":"https:\/\/rsh-bonn.de\/index.php?rest_route=\/wp\/v2\/pages\/4622\/revisions"}],"predecessor-version":[{"id":5181,"href":"https:\/\/rsh-bonn.de\/index.php?rest_route=\/wp\/v2\/pages\/4622\/revisions\/5181"}],"wp:featuredmedia":[{"embeddable":true,"href":"https:\/\/rsh-bonn.de\/index.php?rest_route=\/wp\/v2\/media\/4643"}],"wp:attachment":[{"href":"https:\/\/rsh-bonn.de\/index.php?rest_route=%2Fwp%2Fv2%2Fmedia&parent=4622"}],"curies":[{"name":"wp","href":"https:\/\/api.w.org\/{rel}","templated":true}]}}