{"id":47,"date":"2019-09-16T20:46:29","date_gmt":"2019-09-16T18:46:29","guid":{"rendered":"http:\/\/rsh-test.de\/?page_id=47"},"modified":"2025-09-03T08:14:34","modified_gmt":"2025-09-03T06:14:34","slug":"foerderverein","status":"publish","type":"page","link":"https:\/\/rsh-bonn.de\/?page_id=47","title":{"rendered":"F\u00f6rderverein &#8211; Verein der Freunde und F\u00f6rderer der Realschule Hardtberg"},"content":{"rendered":"<p><span style=\"font-family: arial, helvetica, sans-serif;\"><strong><span style=\"font-size: 14pt;\">F\u00f6rderverein<a href=\"https:\/\/rsh-bonn.de\/wp-content\/uploads\/2021\/01\/Logo-Foerderverein.jpg\"><img loading=\"lazy\" decoding=\"async\" class=\" wp-image-4356 alignright\" src=\"https:\/\/rsh-bonn.de\/wp-content\/uploads\/2021\/01\/Logo-Foerderverein.jpg\" alt=\"\" width=\"175\" height=\"175\" srcset=\"https:\/\/rsh-bonn.de\/wp-content\/uploads\/2021\/01\/Logo-Foerderverein.jpg 545w, https:\/\/rsh-bonn.de\/wp-content\/uploads\/2021\/01\/Logo-Foerderverein-300x300.jpg 300w, https:\/\/rsh-bonn.de\/wp-content\/uploads\/2021\/01\/Logo-Foerderverein-150x150.jpg 150w, https:\/\/rsh-bonn.de\/wp-content\/uploads\/2021\/01\/Logo-Foerderverein-90x90.jpg 90w\" sizes=\"auto, (max-width: 175px) 100vw, 175px\" \/><\/a><\/span><\/strong><\/span><\/p>\n<p><span style=\"font-family: arial, helvetica, sans-serif;\">Der F\u00f6rderverein (gegr\u00fcndet 1976) f\u00f6rdert und unterst\u00fctzt die Realschule Hardtberg finanziell und ideell.<\/span><\/p>\n<p><span style=\"font-family: arial, helvetica, sans-serif;\">Ideen und Initiativen k\u00f6nnen sowohl von der Schule als auch vom F\u00f6rderverein ausgehen, dabei ist eine gegenseitige Unterst\u00fctzung selbstverst\u00e4ndlich. Gemeinsam mit den Klassenpflegschaften und dem Kollegium wirkt der F\u00f6rderverein bei der Organisation von Schulfesten, \u201eTag der offenen T\u00fcr&#8220; und anderen Aktionen mit.<\/span><\/p>\n<p><span style=\"font-family: arial, helvetica, sans-serif;\">Er unterst\u00fctzt die Schule bei der Anschaffung neuer Medien (Beamer, DVD Player), Materialien und sonstigen Anschaffungsw\u00fcnschen. Bei Schulaktionen unterst\u00fctzen wir auf Antrag Sch\u00fclerinnen und Sch\u00fcler mit finanziellen Zusch\u00fcssen.<\/span><\/p>\n<p><span style=\"font-family: arial, helvetica, sans-serif;\">Der Verein verfolgt ausschlie\u00dflich und unmittelbar gemeinn\u00fctzige Zwecke und hat das Ziel, die Bildungs- und Erziehungsarbeit der Realschule Hardtberg in allen Bereichen materiell und ideell zu f\u00f6rdern. Neben der materiellen Unterst\u00fctzung von besonderen Projekten und Ausstattungen geht es auch um die verst\u00e4rkte Zusammenarbeit mit den Ausbildungsbetrieben, mit den Kammern und Verb\u00e4nden und nat\u00fcrlich auch mit den Eltern.<\/span><\/p>\n<p><span style=\"font-family: arial, helvetica, sans-serif;\"><strong><b>Was m\u00f6chte der Verein f\u00f6rdern?<\/b><\/strong><\/span><\/p>\n<ul>\n<li><span style=\"font-family: arial, helvetica, sans-serif;\">Erg\u00e4nzung der schulischen Angebote (z.B. F\u00f6rderkurse, Museumsbesuche, Theaterbesuche etc.)<\/span><\/li>\n<li><span style=\"font-family: arial, helvetica, sans-serif;\">Unterst\u00fctzung bei der Anschaffung von F\u00f6rdermaterialien und Unterrichtshilfen<\/span><\/li>\n<li><span style=\"font-family: arial, helvetica, sans-serif;\">Angebote bzw. Ger\u00e4te f\u00fcr den Pausensport<\/span><\/li>\n<li><span style=\"font-family: arial, helvetica, sans-serif;\">Unterst\u00fctzung der Schule bei Schulveranstaltungen<\/span><\/li>\n<li><span style=\"font-family: arial, helvetica, sans-serif;\">Zusammenarbeit mit \u00f6rtlichen Vereinen und Firmen<\/span><\/li>\n<li><span style=\"font-family: arial, helvetica, sans-serif;\">Zusch\u00fcsse an Sch\u00fclerinnen und Sch\u00fcler (z.B. bei Ausfl\u00fcgen)<\/span><\/li>\n<li><span style=\"font-family: arial, helvetica, sans-serif;\">Unterst\u00fctzung der Sch\u00fclerinnen und Sch\u00fcler im Bereich der Berufswahl<\/span><\/li>\n<\/ul>\n<p><span style=\"font-family: arial, helvetica, sans-serif;\">Wir haben viele Ideen und Vorschl\u00e4ge. Unterst\u00fctzen Sie uns &#8211; sei es mit neuen Anregungen, durch aktive Mitarbeit im Verein oder durch Geldspenden.<\/span><\/p>\n<p><span style=\"font-family: arial, helvetica, sans-serif;\"><strong><b>Vieles konnte in den letzten Jahren bereits verwirklicht werden.<br \/>\nHier sind einige Beispiele aufgef\u00fchrt:<\/b><\/strong><\/span><\/p>\n<ul>\n<li><span style=\"font-family: arial, helvetica, sans-serif;\">Unterst\u00fctzung der Schule bei Festen und Aktionen<\/span><\/li>\n<li><span style=\"font-family: arial, helvetica, sans-serif;\">Finanzielle Unterst\u00fctzung der Sch\u00fclerb\u00fccherei<\/span><\/li>\n<li><span style=\"font-family: arial, helvetica, sans-serif;\">Unterst\u00fctzung bed\u00fcrftiger Sch\u00fclerinnen und Sch\u00fcler<\/span><\/li>\n<li><span style=\"font-family: arial, helvetica, sans-serif;\">Unterst\u00fctzung bei der Anschaffung von F\u00f6rdermaterialien<\/span><\/li>\n<li><span style=\"font-family: arial, helvetica, sans-serif;\">Unterst\u00fctzung der Aulatechnik<\/span><\/li>\n<\/ul>\n<p><span style=\"font-family: arial, helvetica, sans-serif;\"><strong><b>Der F\u00f6rderverein ist ein wichtiger Bestandteil unserer Schule. Ohne den Verein und seine ehrenamtlichen Mitarbeiter w\u00e4re Vieles nicht m\u00f6glich.<\/b><\/strong><\/span><\/p>\n<p><span style=\"font-family: arial, helvetica, sans-serif;\">Unsere Adresse:<\/span><\/p>\n<p><span style=\"font-family: arial, helvetica, sans-serif;\">Verein der Freunde und F\u00f6rderer der RSH<\/span><\/p>\n<p><span style=\"font-family: arial, helvetica, sans-serif;\">c\/o Realschule Hardtberg<\/span><\/p>\n<p><span style=\"font-family: arial, helvetica, sans-serif;\">Gau\u00dfstr. 2<\/span><\/p>\n<p><span style=\"font-family: arial, helvetica, sans-serif;\">53125 Bonn<\/span><\/p>\n<p><span style=\"font-family: arial, helvetica, sans-serif;\">Kontakt: sekretariat@rsh-bonn.nrw.schule<\/span><\/p>\n<p><span style=\"font-family: arial, helvetica, sans-serif; color: #0000ff;\">Downloads:<\/span><\/p>\n<p><span style=\"font-size: 14pt;\"><a href=\"https:\/\/rsh-bonn.de\/wp-content\/uploads\/2025\/09\/Beitrittserklaerung-zum-Verein-2025-akttuell.pdf\" target=\"_blank\" rel=\"noopener\"><span style=\"font-family: arial, helvetica, sans-serif;\">Beitrittserkla\u0308rung<\/span> <\/a><\/span><\/p>\n<p>&nbsp;<\/p>\n<p>&nbsp;<\/p>\n<p>&nbsp;<\/p>\n<p>&nbsp;<\/p>\n<p>&nbsp;<\/p>\n","protected":false},"excerpt":{"rendered":"<p>F\u00f6rderverein Der F\u00f6rderverein (gegr\u00fcndet 1976) f\u00f6rdert und unterst\u00fctzt die Realschule Hardtberg finanziell und ideell. Ideen und Initiativen k\u00f6nnen sowohl von der Schule als auch vom F\u00f6rderverein ausgehen, dabei ist eine [&hellip;]<\/p>\n","protected":false},"author":1,"featured_media":0,"parent":0,"menu_order":0,"comment_status":"closed","ping_status":"closed","template":"","meta":{"_price":"","_stock":"","_tribe_ticket_header":"","_tribe_default_ticket_provider":"","_tribe_ticket_capacity":"0","_ticket_start_date":"","_ticket_end_date":"","_tribe_ticket_show_description":"","_tribe_ticket_show_not_going":false,"_tribe_ticket_use_global_stock":"","_tribe_ticket_global_stock_level":"","_global_stock_mode":"","_global_stock_cap":"","_tribe_rsvp_for_event":"","_tribe_ticket_going_count":"","_tribe_ticket_not_going_count":"","_tribe_tickets_list":"[]","_tribe_ticket_has_attendee_info_fields":false,"footnotes":"","_tec_slr_enabled":"","_tec_slr_layout":""},"class_list":["post-47","page","type-page","status-publish","hentry"],"jetpack_sharing_enabled":true,"ticketed":false,"_links":{"self":[{"href":"https:\/\/rsh-bonn.de\/index.php?rest_route=\/wp\/v2\/pages\/47","targetHints":{"allow":["GET"]}}],"collection":[{"href":"https:\/\/rsh-bonn.de\/index.php?rest_route=\/wp\/v2\/pages"}],"about":[{"href":"https:\/\/rsh-bonn.de\/index.php?rest_route=\/wp\/v2\/types\/page"}],"author":[{"embeddable":true,"href":"https:\/\/rsh-bonn.de\/index.php?rest_route=\/wp\/v2\/users\/1"}],"replies":[{"embeddable":true,"href":"https:\/\/rsh-bonn.de\/index.php?rest_route=%2Fwp%2Fv2%2Fcomments&post=47"}],"version-history":[{"count":36,"href":"https:\/\/rsh-bonn.de\/index.php?rest_route=\/wp\/v2\/pages\/47\/revisions"}],"predecessor-version":[{"id":5448,"href":"https:\/\/rsh-bonn.de\/index.php?rest_route=\/wp\/v2\/pages\/47\/revisions\/5448"}],"wp:attachment":[{"href":"https:\/\/rsh-bonn.de\/index.php?rest_route=%2Fwp%2Fv2%2Fmedia&parent=47"}],"curies":[{"name":"wp","href":"https:\/\/api.w.org\/{rel}","templated":true}]}}