{"id":8,"date":"2019-09-16T20:36:16","date_gmt":"2019-09-16T18:36:16","guid":{"rendered":"http:\/\/rsh-test.de\/?page_id=8"},"modified":"2026-01-27T20:35:42","modified_gmt":"2026-01-27T19:35:42","slug":"kollegium","status":"publish","type":"page","link":"https:\/\/rsh-bonn.de\/?page_id=8","title":{"rendered":"Kollegium 2025\/26"},"content":{"rendered":"<p style=\"text-align: left;\"><strong><span style=\"font-family: arial, helvetica, sans-serif; font-size: 14pt;\">(E-Mail-Adressen befinden sich im internen Elternbereich)<\/span><\/strong><\/p>\n<table style=\"border-collapse: collapse; width: 78.1879%; height: 999px;\" border=\"0\" width=\"394\" cellspacing=\"0\" cellpadding=\"0\">\n<tbody>\n<tr style=\"height: 13.2pt;\">\n<td class=\"xl63\" style=\"height: 13px; width: 30.5465%;\" width=\"249\" height=\"18\"><span style=\"font-family: arial, helvetica, sans-serif; font-size: 14pt;\"><strong>Name<\/strong><\/span><\/td>\n<td class=\"xl63\" style=\"width: 85.7272%; height: 13px;\" width=\"249\"><span style=\"font-family: arial, helvetica, sans-serif; font-size: 14pt;\"><strong>F\u00e4cher<\/strong><\/span><\/td>\n<\/tr>\n<tr style=\"height: 13.2pt;\">\n<td class=\"xl66\" style=\"height: 13px; width: 30.5465%;\" width=\"249\" height=\"18\"><span style=\"font-family: arial, helvetica, sans-serif; font-size: 14pt;\">Fr. Angert<\/span><\/td>\n<td class=\"xl66\" style=\"width: 85.7272%; height: 13px;\" width=\"249\"><span style=\"font-family: arial, helvetica, sans-serif; font-size: 14pt;\">Sonderp\u00e4dagogin<\/span><\/td>\n<\/tr>\n<tr style=\"height: 13.2pt;\">\n<td class=\"xl66\" style=\"height: 13px; width: 30.5465%;\" width=\"249\" height=\"18\"><span style=\"font-family: arial, helvetica, sans-serif; font-size: 14pt;\">Fr. Balinska<\/span><\/td>\n<td class=\"xl66\" style=\"width: 85.7272%; height: 13px;\" width=\"249\"><span style=\"font-family: arial, helvetica, sans-serif; font-size: 14pt;\">Bi, Sp, Ku<\/span><\/td>\n<\/tr>\n<tr style=\"height: 24px;\">\n<td class=\"xl66\" style=\"width: 30.5465%; height: 24px;\" width=\"249\" height=\"18\"><span style=\"font-family: arial, helvetica, sans-serif; font-size: 14pt;\">Fr. Bois<\/span><\/td>\n<td class=\"xl66\" style=\"width: 85.7272%; height: 24px;\" width=\"249\"><span style=\"font-family: arial, helvetica, sans-serif; font-size: 14pt;\">M, Sp<\/span><\/td>\n<\/tr>\n<tr style=\"height: 24px;\">\n<td class=\"xl66\" style=\"width: 30.5465%; height: 24px;\" width=\"249\" height=\"18\"><span style=\"font-family: arial, helvetica, sans-serif; font-size: 14pt;\">Fr. Brinkmann-Lambers<\/span><\/td>\n<td class=\"xl66\" style=\"width: 85.7272%; height: 24px;\" width=\"249\"><span style=\"font-family: arial, helvetica, sans-serif; font-size: 14pt;\">Ch, Ph<\/span><\/td>\n<\/tr>\n<tr style=\"height: 24px;\">\n<td class=\"xl66\" style=\"width: 30.5465%; height: 24px;\" width=\"249\" height=\"18\"><span style=\"font-family: arial, helvetica, sans-serif; font-size: 14pt;\">Fr. Busse<\/span><\/td>\n<td class=\"xl66\" style=\"width: 85.7272%; height: 24px;\" width=\"249\"><span style=\"font-family: arial, helvetica, sans-serif; font-size: 14pt;\">E, Ge<\/span><\/td>\n<\/tr>\n<tr style=\"height: 22px;\">\n<td class=\"xl66\" style=\"width: 30.5465%; height: 22px;\" width=\"249\" height=\"18\"><span style=\"font-family: arial, helvetica, sans-serif; font-size: 14pt;\">Hr. B\u00fcy\u00fckbesci<\/span><\/td>\n<td class=\"xl66\" style=\"width: 85.7272%; height: 22px;\" width=\"249\"><span style=\"font-family: arial, helvetica, sans-serif; font-size: 14pt;\">Schulsozialarbeiter<\/span><\/td>\n<\/tr>\n<tr style=\"height: 24px;\">\n<td class=\"xl66\" style=\"width: 30.5465%; height: 24px;\" width=\"249\" height=\"18\"><span style=\"font-family: arial, helvetica, sans-serif; font-size: 14pt;\">Fr. Dudszus<\/span><\/td>\n<td class=\"xl66\" style=\"width: 85.7272%; height: 24px;\" width=\"249\"><span style=\"font-family: arial, helvetica, sans-serif; font-size: 14pt;\">D, Bi<\/span><\/td>\n<\/tr>\n<tr style=\"height: 22px;\">\n<td class=\"xl66\" style=\"width: 30.5465%; height: 22px;\" width=\"249\" height=\"18\"><span style=\"font-family: arial, helvetica, sans-serif; font-size: 14pt;\">Hr. Eickhoff<\/span><\/td>\n<td class=\"xl66\" style=\"width: 85.7272%; height: 22px;\" width=\"249\"><span style=\"font-family: arial, helvetica, sans-serif; font-size: 14pt;\">M, Ph, WiPo, Tc<\/span><\/td>\n<\/tr>\n<tr style=\"height: 22px;\">\n<td class=\"xl66\" style=\"width: 30.5465%; height: 22px;\" width=\"249\" height=\"18\"><span style=\"font-family: arial, helvetica, sans-serif; font-size: 14pt;\">Fr. Fethi<\/span><\/td>\n<td class=\"xl66\" style=\"width: 85.7272%; height: 22px;\" width=\"249\"><span style=\"font-family: arial, helvetica, sans-serif; font-size: 14pt;\">SW, WiPo, Bio<\/span><\/td>\n<\/tr>\n<tr style=\"height: 22px;\">\n<td class=\"xl66\" style=\"width: 30.5465%; height: 22px;\" width=\"249\" height=\"18\"><span style=\"font-family: arial, helvetica, sans-serif; font-size: 14pt;\">Fr. Frank<\/span><\/td>\n<td class=\"xl66\" style=\"width: 85.7272%; height: 22px;\" width=\"249\"><span style=\"font-family: arial, helvetica, sans-serif; font-size: 14pt;\">E, kR<\/span><\/td>\n<\/tr>\n<tr>\n<td class=\"xl66\" style=\"width: 30.5465%;\" width=\"249\" height=\"18\"><span style=\"font-family: arial, helvetica, sans-serif; font-size: 14pt;\">Hr. Heim<\/span><\/td>\n<td class=\"xl66\" style=\"width: 85.7272%;\" width=\"249\"><span style=\"font-family: arial, helvetica, sans-serif; font-size: 14pt;\">Sp, SW<\/span><\/td>\n<\/tr>\n<tr>\n<td class=\"xl66\" style=\"width: 30.5465%;\" width=\"249\" height=\"18\"><span style=\"font-family: arial, helvetica, sans-serif; font-size: 14pt;\">Hr. Heller<\/span><\/td>\n<td class=\"xl66\" style=\"width: 85.7272%;\" width=\"249\"><span style=\"font-family: arial, helvetica, sans-serif; font-size: 14pt;\">D, SW, Ge, WiPo<\/span><\/td>\n<\/tr>\n<tr>\n<td class=\"xl66\" style=\"width: 30.5465%;\" width=\"249\" height=\"18\"><span style=\"font-family: arial, helvetica, sans-serif; font-size: 14pt;\">Fr. Heuser<\/span><\/td>\n<td class=\"xl66\" style=\"width: 85.7272%;\" width=\"249\"><span style=\"font-family: arial, helvetica, sans-serif; font-size: 14pt;\">Sonderp\u00e4dagogin<\/span><\/td>\n<\/tr>\n<tr>\n<td class=\"xl66\" style=\"width: 30.5465%;\" width=\"249\" height=\"18\"><span style=\"font-family: arial, helvetica, sans-serif; font-size: 14pt;\">Fr. Hiermes<\/span><\/td>\n<td class=\"xl66\" style=\"width: 85.7272%;\" width=\"249\"><span style=\"font-family: arial, helvetica, sans-serif; font-size: 14pt;\">Ch, Bi<\/span><\/td>\n<\/tr>\n<tr>\n<td class=\"xl66\" style=\"width: 30.5465%;\" width=\"249\" height=\"18\"><span style=\"font-family: arial, helvetica, sans-serif; font-size: 14pt;\">Fr. Jewan<\/span><\/td>\n<td class=\"xl66\" style=\"width: 85.7272%;\" width=\"249\"><span style=\"font-family: arial, helvetica, sans-serif; font-size: 14pt;\">M, Ku<\/span><\/td>\n<\/tr>\n<tr>\n<td class=\"xl66\" style=\"width: 30.5465%;\" width=\"249\" height=\"18\"><span style=\"font-family: arial, helvetica, sans-serif; font-size: 14pt;\">Fr. Klein<\/span><\/td>\n<td class=\"xl66\" style=\"width: 85.7272%;\" width=\"249\"><span style=\"font-family: arial, helvetica, sans-serif; font-size: 14pt;\">E, Ge<\/span><\/td>\n<\/tr>\n<tr>\n<td class=\"xl66\" style=\"width: 30.5465%;\" width=\"249\" height=\"18\"><span style=\"font-family: arial, helvetica, sans-serif; font-size: 14pt;\">Fr. Koehn<\/span><\/td>\n<td class=\"xl66\" style=\"width: 85.7272%;\" width=\"249\"><span style=\"font-family: arial, helvetica, sans-serif; font-size: 14pt;\">D, Bi<\/span><\/td>\n<\/tr>\n<tr>\n<td class=\"xl66\" style=\"width: 30.5465%;\" width=\"249\" height=\"18\"><span style=\"font-family: arial, helvetica, sans-serif; font-size: 14pt;\">Hr. Madel<\/span><\/td>\n<td class=\"xl66\" style=\"width: 85.7272%;\" width=\"249\"><span style=\"font-family: arial, helvetica, sans-serif; font-size: 14pt;\">Sonderp\u00e4dagoge<\/span><\/td>\n<\/tr>\n<tr>\n<td class=\"xl66\" style=\"width: 30.5465%;\" width=\"249\" height=\"18\"><span style=\"font-family: arial, helvetica, sans-serif; font-size: 14pt;\">Fr. Meiert\u00f6ns<\/span><\/td>\n<td class=\"xl66\" style=\"width: 85.7272%;\" width=\"249\"><span style=\"font-family: arial, helvetica, sans-serif; font-size: 14pt;\">E, F, WiPo<\/span><\/td>\n<\/tr>\n<tr>\n<td class=\"xl66\" style=\"width: 30.5465%;\" width=\"249\" height=\"18\"><span style=\"font-family: arial, helvetica, sans-serif; font-size: 14pt;\">Fr. Meisner<\/span><\/td>\n<td class=\"xl66\" style=\"width: 85.7272%;\" width=\"249\"><span style=\"font-family: arial, helvetica, sans-serif; font-size: 14pt;\">M, Bi, WiPo<\/span><\/td>\n<\/tr>\n<tr>\n<td class=\"xl66\" style=\"width: 30.5465%;\" width=\"249\" height=\"18\"><span style=\"font-family: arial, helvetica, sans-serif; font-size: 14pt;\">Hr. Miczka<\/span><\/td>\n<td class=\"xl66\" style=\"width: 85.7272%;\" width=\"249\"><span style=\"font-family: arial, helvetica, sans-serif; font-size: 14pt;\">Sp<\/span><\/td>\n<\/tr>\n<tr>\n<td class=\"xl66\" style=\"width: 30.5465%;\" width=\"249\" height=\"18\"><span style=\"font-family: arial, helvetica, sans-serif; font-size: 14pt;\">Hr. Niebuhr<\/span><\/td>\n<td class=\"xl66\" style=\"width: 85.7272%;\" width=\"249\"><span style=\"font-family: arial, helvetica, sans-serif; font-size: 14pt;\">D, Ge, WiPo, If<\/span><\/td>\n<\/tr>\n<tr>\n<td class=\"xl66\" style=\"width: 30.5465%;\" width=\"249\" height=\"18\"><span style=\"font-family: arial, helvetica, sans-serif; font-size: 14pt;\">Hr. Oluschinski<\/span><\/td>\n<td class=\"xl66\" style=\"width: 85.7272%;\" width=\"249\"><span style=\"font-family: arial, helvetica, sans-serif; font-size: 14pt;\">M, Ek, If, WiPo<\/span><\/td>\n<\/tr>\n<tr>\n<td class=\"xl66\" style=\"width: 30.5465%;\" width=\"249\" height=\"18\"><span style=\"font-family: arial, helvetica, sans-serif; font-size: 14pt;\">Hr. Plenker<\/span><\/td>\n<td class=\"xl66\" style=\"width: 85.7272%;\" width=\"249\"><span style=\"font-family: arial, helvetica, sans-serif; font-size: 14pt;\">Ge, Sp<\/span><\/td>\n<\/tr>\n<tr>\n<td class=\"xl66\" style=\"width: 30.5465%;\" width=\"249\" height=\"18\"><span style=\"font-family: arial, helvetica, sans-serif; font-size: 14pt;\">Hr. Petry<\/span><\/td>\n<td class=\"xl66\" style=\"width: 85.7272%;\" width=\"249\"><span style=\"font-family: arial, helvetica, sans-serif; font-size: 14pt;\">D, Sw, If &#8211; <strong>Schulleiter<\/strong><\/span><\/td>\n<\/tr>\n<tr>\n<td class=\"xl66\" style=\"width: 30.5465%;\" width=\"249\" height=\"18\"><span style=\"font-family: arial, helvetica, sans-serif; font-size: 14pt;\">Fr. Planchette<\/span><\/td>\n<td class=\"xl66\" style=\"width: 85.7272%;\" width=\"249\"><span style=\"font-family: arial, helvetica, sans-serif; font-size: 14pt;\">F, D<\/span><\/td>\n<\/tr>\n<tr>\n<td class=\"xl66\" style=\"width: 30.5465%;\" width=\"249\" height=\"18\"><span style=\"font-family: arial, helvetica, sans-serif; font-size: 14pt;\">Fr. Prawdzik<\/span><\/td>\n<td class=\"xl66\" style=\"width: 85.7272%;\" width=\"249\"><span style=\"font-family: arial, helvetica, sans-serif; font-size: 14pt;\">E, Bi, WiPo<\/span><\/td>\n<\/tr>\n<tr>\n<td class=\"xl66\" style=\"width: 30.5465%;\" width=\"249\" height=\"18\"><span style=\"font-family: arial, helvetica, sans-serif; font-size: 14pt;\">Hr. Regenbrecht<\/span><\/td>\n<td class=\"xl66\" style=\"width: 85.7272%;\" width=\"249\"><span style=\"font-family: arial, helvetica, sans-serif; font-size: 14pt;\">M, If, Ph &#8211; <strong>stellv. Schulleiter<\/strong><\/span><\/td>\n<\/tr>\n<tr>\n<td class=\"xl66\" style=\"width: 30.5465%;\" width=\"249\" height=\"18\"><span style=\"font-family: arial, helvetica, sans-serif; font-size: 14pt;\">Fr. Romberg<\/span><\/td>\n<td class=\"xl66\" style=\"width: 85.7272%;\" width=\"249\"><span style=\"font-family: arial, helvetica, sans-serif; font-size: 14pt;\">Sonderp\u00e4dagogin<\/span><\/td>\n<\/tr>\n<tr>\n<td class=\"xl66\" style=\"width: 30.5465%;\" width=\"249\" height=\"18\"><span style=\"font-family: arial, helvetica, sans-serif; font-size: 14pt;\">Hr. Schneider<\/span><\/td>\n<td class=\"xl66\" style=\"width: 85.7272%;\" width=\"249\"><span style=\"font-family: arial, helvetica, sans-serif; font-size: 14pt;\">Ek, Ge, If, PP<\/span><\/td>\n<\/tr>\n<tr>\n<td class=\"xl66\" style=\"width: 30.5465%;\" width=\"249\" height=\"18\"><span style=\"font-family: arial, helvetica, sans-serif; font-size: 14pt;\">Fr. Schreiber<\/span><\/td>\n<td class=\"xl66\" style=\"width: 85.7272%;\" width=\"249\"><span style=\"font-family: arial, helvetica, sans-serif; font-size: 14pt;\">E, Sp, WiPo<\/span><\/td>\n<\/tr>\n<tr>\n<td class=\"xl66\" style=\"width: 30.5465%;\" width=\"249\" height=\"18\"><span style=\"font-family: arial, helvetica, sans-serif; font-size: 14pt;\">Fr. Schr\u00f6der<\/span><\/td>\n<td class=\"xl66\" style=\"width: 85.7272%;\" width=\"249\"><span style=\"font-family: arial, helvetica, sans-serif; font-size: 14pt;\">D, Ge<\/span><\/td>\n<\/tr>\n<tr>\n<td class=\"xl66\" style=\"width: 30.5465%;\" width=\"249\" height=\"18\"><span style=\"font-family: arial, helvetica, sans-serif; font-size: 14pt;\">Fr. Schubert<\/span><\/td>\n<td class=\"xl66\" style=\"width: 85.7272%;\" width=\"249\"><span style=\"font-family: arial, helvetica, sans-serif; font-size: 14pt;\">p\u00e4d. Fachkraft im Multiprofessionellen Team<\/span><\/td>\n<\/tr>\n<tr>\n<td class=\"xl66\" style=\"width: 30.5465%;\" width=\"249\" height=\"18\"><span style=\"font-family: arial, helvetica, sans-serif; font-size: 14pt;\">Fr. Springorum<\/span><\/td>\n<td class=\"xl66\" style=\"width: 85.7272%;\" width=\"249\"><span style=\"font-family: arial, helvetica, sans-serif; font-size: 14pt;\">D, Ek, WiPo<\/span><\/td>\n<\/tr>\n<tr>\n<td class=\"xl66\" style=\"width: 30.5465%;\" width=\"249\" height=\"18\"><span style=\"font-family: arial, helvetica, sans-serif; font-size: 14pt;\">Fr. \u00dcnl\u00fc<\/span><\/td>\n<td class=\"xl66\" style=\"width: 85.7272%;\" width=\"249\"><span style=\"font-family: arial, helvetica, sans-serif; font-size: 14pt;\">E, SW, WiPo<\/span><\/td>\n<\/tr>\n<tr>\n<td class=\"xl66\" style=\"width: 30.5465%;\" width=\"249\" height=\"18\"><span style=\"font-family: arial, helvetica, sans-serif; font-size: 14pt;\">Fr. Undritz<\/span><\/td>\n<td class=\"xl66\" style=\"width: 85.7272%;\" width=\"249\"><span style=\"font-family: arial, helvetica, sans-serif; font-size: 14pt;\">D, Ku<\/span><\/td>\n<\/tr>\n<tr>\n<td class=\"xl66\" style=\"width: 30.5465%;\" width=\"249\" height=\"18\"><span style=\"font-family: arial, helvetica, sans-serif; font-size: 14pt;\">Fr. Vogler-Gesterkamp<\/span><\/td>\n<td class=\"xl66\" style=\"width: 85.7272%;\" width=\"249\"><span style=\"font-family: arial, helvetica, sans-serif; font-size: 14pt;\">E, Ge, KR<\/span><\/td>\n<\/tr>\n<tr>\n<td class=\"xl66\" style=\"width: 30.5465%;\" width=\"249\" height=\"18\"><span style=\"font-family: arial, helvetica, sans-serif; font-size: 14pt;\">Hr. Wauben<\/span><\/td>\n<td class=\"xl66\" style=\"width: 85.7272%;\" width=\"249\"><span style=\"font-family: arial, helvetica, sans-serif; font-size: 14pt;\">M, Ek, Tc<\/span><\/td>\n<\/tr>\n<tr>\n<td class=\"xl66\" style=\"width: 30.5465%;\" width=\"249\" height=\"18\"><span style=\"font-family: arial, helvetica, sans-serif; font-size: 14pt;\">Fr. Weber<\/span><\/td>\n<td class=\"xl66\" style=\"width: 85.7272%;\" width=\"249\"><span style=\"font-family: arial, helvetica, sans-serif; font-size: 14pt;\">D, ER, WiPo<\/span><\/td>\n<\/tr>\n<tr>\n<td class=\"xl66\" style=\"width: 30.5465%;\" width=\"249\" height=\"18\"><span style=\"font-family: arial, helvetica, sans-serif; font-size: 14pt;\">Fr. Wei\u00dfgerber<\/span><\/td>\n<td class=\"xl66\" style=\"width: 85.7272%;\" width=\"249\"><span style=\"font-family: arial, helvetica, sans-serif; font-size: 14pt;\">Schulsozialarbeiterin<\/span><\/td>\n<\/tr>\n<tr>\n<td class=\"xl66\" style=\"width: 30.5465%;\" width=\"249\" height=\"18\"><span style=\"font-family: arial, helvetica, sans-serif; font-size: 14pt;\">Fr. Wennmacher<\/span><\/td>\n<td class=\"xl66\" style=\"width: 85.7272%;\" width=\"249\"><span style=\"font-family: arial, helvetica, sans-serif; font-size: 14pt;\">p\u00e4d. Fachkraft im Multiprofessionellen Team<\/span><\/td>\n<\/tr>\n<tr>\n<td class=\"xl66\" style=\"width: 30.5465%;\" width=\"249\" height=\"18\"><span style=\"font-family: arial, helvetica, sans-serif; font-size: 14pt;\">Fr. Zielinski<\/span><\/td>\n<td class=\"xl66\" style=\"width: 85.7272%;\" width=\"249\"><span style=\"font-family: arial, helvetica, sans-serif; font-size: 14pt;\">p\u00e4d. Fachkraft im Multiprofessionellen Team<\/span><\/td>\n<\/tr>\n<tr style=\"height: 24px;\">\n<td class=\"xl66\" style=\"width: 30.5465%; height: 24px;\" width=\"249\" height=\"18\"><\/td>\n<td class=\"xl66\" style=\"width: 85.7272%; height: 24px;\" width=\"249\"><\/td>\n<\/tr>\n<\/tbody>\n<\/table>\n","protected":false},"excerpt":{"rendered":"<p>(E-Mail-Adressen befinden sich im internen Elternbereich) Name F\u00e4cher Fr. Angert Sonderp\u00e4dagogin Fr. Balinska Bi, Sp, Ku Fr. Bois M, Sp Fr. Brinkmann-Lambers Ch, Ph Fr. Busse E, Ge Hr. B\u00fcy\u00fckbesci [&hellip;]<\/p>\n","protected":false},"author":1,"featured_media":0,"parent":0,"menu_order":0,"comment_status":"closed","ping_status":"closed","template":"","meta":{"_price":"","_stock":"","_tribe_ticket_header":"","_tribe_default_ticket_provider":"","_tribe_ticket_capacity":"0","_ticket_start_date":"","_ticket_end_date":"","_tribe_ticket_show_description":"","_tribe_ticket_show_not_going":false,"_tribe_ticket_use_global_stock":"","_tribe_ticket_global_stock_level":"","_global_stock_mode":"","_global_stock_cap":"","_tribe_rsvp_for_event":"","_tribe_ticket_going_count":"","_tribe_ticket_not_going_count":"","_tribe_tickets_list":"[]","_tribe_ticket_has_attendee_info_fields":false,"footnotes":"","_tec_slr_enabled":"","_tec_slr_layout":""},"class_list":["post-8","page","type-page","status-publish","hentry"],"jetpack_sharing_enabled":true,"ticketed":false,"_links":{"self":[{"href":"https:\/\/rsh-bonn.de\/index.php?rest_route=\/wp\/v2\/pages\/8","targetHints":{"allow":["GET"]}}],"collection":[{"href":"https:\/\/rsh-bonn.de\/index.php?rest_route=\/wp\/v2\/pages"}],"about":[{"href":"https:\/\/rsh-bonn.de\/index.php?rest_route=\/wp\/v2\/types\/page"}],"author":[{"embeddable":true,"href":"https:\/\/rsh-bonn.de\/index.php?rest_route=\/wp\/v2\/users\/1"}],"replies":[{"embeddable":true,"href":"https:\/\/rsh-bonn.de\/index.php?rest_route=%2Fwp%2Fv2%2Fcomments&post=8"}],"version-history":[{"count":48,"href":"https:\/\/rsh-bonn.de\/index.php?rest_route=\/wp\/v2\/pages\/8\/revisions"}],"predecessor-version":[{"id":7055,"href":"https:\/\/rsh-bonn.de\/index.php?rest_route=\/wp\/v2\/pages\/8\/revisions\/7055"}],"wp:attachment":[{"href":"https:\/\/rsh-bonn.de\/index.php?rest_route=%2Fwp%2Fv2%2Fmedia&parent=8"}],"curies":[{"name":"wp","href":"https:\/\/api.w.org\/{rel}","templated":true}]}}