{"id":94,"date":"2019-09-16T20:53:16","date_gmt":"2019-09-16T18:53:16","guid":{"rendered":"http:\/\/rsh-test.de\/?page_id=94"},"modified":"2019-10-23T11:26:07","modified_gmt":"2019-10-23T09:26:07","slug":"schule-kultur","status":"publish","type":"page","link":"https:\/\/rsh-bonn.de\/?page_id=94","title":{"rendered":"Schule &#038; Kultur"},"content":{"rendered":"<p><strong><span style=\"font-family: arial, helvetica, sans-serif; font-size: 14pt;\">Schule und Kultur<\/span><\/strong><\/p>\n<p><span style=\"font-family: arial, helvetica, sans-serif;\">Auch f\u00fcr Kinder und Jugendliche ist Kunst und Kultur wichtig. Deshalb st\u00e4rkt die<\/span><\/p>\n<p><span style=\"font-family: arial, helvetica, sans-serif;\">Landesregierung die k\u00fcnstlerisch-kulturelle Bildung in Schulen mit zus\u00e4tzlichen<\/span><\/p>\n<p><span style=\"font-family: arial, helvetica, sans-serif;\">Projekten. Gerade f\u00fcr die Entwicklung von jungen Menschen nimmt die k\u00fcnstlerische Aktivit\u00e4t und kulturelle Bildung einen besonderen Stellenwert ein.<\/span><\/p>\n<p><span style=\"font-family: arial, helvetica, sans-serif;\">\u201eDamit junge Menschen erfahren, wie bereichernd die Besch\u00e4ftigung mit Kunst<\/span><\/p>\n<p><span style=\"font-family: arial, helvetica, sans-serif;\">und Kultur sein kann, m\u00fcssen sie &#8211; unabh\u00e4ngig vom famili\u00e4ren Hintergrund und<\/span><\/p>\n<p><span style=\"font-family: arial, helvetica, sans-serif;\">Wohnumfeld &#8211; die Chance haben, Kunst und k\u00fcnstlerische Projekte kennen zu<\/span><\/p>\n<p><span style=\"font-family: arial, helvetica, sans-serif;\">lernen. Wichtige Orte der Begegnung sind die Schulen. Sie spielen im Leben von<\/span><\/p>\n<p><span style=\"font-family: arial, helvetica, sans-serif;\">Kindern und Jugendlichen eine zentrale Rolle. Daher will die Landesregierung die k\u00fcnstlerisch-kulturelle Bildung in Schulen st\u00e4rken.\u201c (s. Schulministerium NRW).<\/span><\/p>\n<p><span style=\"font-family: arial, helvetica, sans-serif;\">Schon seit einigen Jahren setzt unsere Schule durch die Teilnahme an professionell organisierten und geleiteten Tanzprojekten einen kulturellen Schwerpunkt.<\/span><\/p>\n<p>&nbsp;<\/p>\n<p><span style=\"font-family: arial, helvetica, sans-serif;\">So haben wir 2006 in Kooperation mit \u201esalta\u201c \u2013 Verein f\u00fcr Schulentwicklung und<\/span><\/p>\n<p><span style=\"font-family: arial, helvetica, sans-serif;\">Kultur e.V. mit einer Klasse 8 an dem Tanzprojekt \u201eCarmina Burana\u201c teilgenommen, 2008 folgte das Projekt \u201eLeonore\u201c, an dem ebenfalls eine Klasse 8 beteiligt war.<\/span><\/p>\n<p>&nbsp;<\/p>\n<p><span style=\"font-family: arial, helvetica, sans-serif;\">Musikalisch unterst\u00fctzt wurden die Projekte von der Bonner Staatsoper.<\/span><\/p>\n<p><span style=\"font-family: arial, helvetica, sans-serif;\">Wir freuen uns, auch in diesem Jahr wieder teilnehmen zu d\u00fcrfen, diesmal mit<\/span><\/p>\n<p><span style=\"font-family: arial, helvetica, sans-serif;\">einer Klasse 6, die schon seit einigen Wochen f\u00fcr das Projekt \u201eDenk ich an<\/span><\/p>\n<p><span style=\"font-family: arial, helvetica, sans-serif;\">Deutschland\u2026\u201c probt.<\/span><\/p>\n<p><span style=\"font-family: arial, helvetica, sans-serif;\">Zust\u00e4ndig f\u00fcr das Tanztraining und die Choreografie sind Miguel Zermeno,<\/span><\/p>\n<p><span style=\"font-family: arial, helvetica, sans-serif;\">ein erfahrener T\u00e4nzer und Choreograf, der an verschiedenen B\u00fchnen t\u00e4tig ist,<\/span><\/p>\n<p><span style=\"font-family: arial, helvetica, sans-serif;\">und Michael Raetsch (\u201esalta\u201c), der sich f\u00fcr die Konzeption und die Dramaturgie<\/span><\/p>\n<p><span style=\"font-family: arial, helvetica, sans-serif;\">verantwortlich zeichnet.<\/span><\/p>\n<p><span style=\"font-family: arial, helvetica, sans-serif;\">Wie schon 2006 und 2008 wird es auch im Jahr 2011 wieder eine Auff\u00fchrung im Bonner Opernhaus, geben, bei der die beteiligten Klassen und Gruppen zeigen k\u00f6nnen, was sie im Verlauf ihrer Projektarbeit gelernt haben.<\/span><\/p>\n<p>&nbsp;<\/p>\n<p>&nbsp;<\/p>\n<p>&nbsp;<\/p>\n<p>&nbsp;<\/p>\n","protected":false},"excerpt":{"rendered":"<p>Schule und Kultur Auch f\u00fcr Kinder und Jugendliche ist Kunst und Kultur wichtig. Deshalb st\u00e4rkt die Landesregierung die k\u00fcnstlerisch-kulturelle Bildung in Schulen mit zus\u00e4tzlichen Projekten. Gerade f\u00fcr die Entwicklung von [&hellip;]<\/p>\n","protected":false},"author":1,"featured_media":0,"parent":0,"menu_order":0,"comment_status":"closed","ping_status":"closed","template":"","meta":{"_price":"","_stock":"","_tribe_ticket_header":"","_tribe_default_ticket_provider":"","_tribe_ticket_capacity":"0","_ticket_start_date":"","_ticket_end_date":"","_tribe_ticket_show_description":"","_tribe_ticket_show_not_going":false,"_tribe_ticket_use_global_stock":"","_tribe_ticket_global_stock_level":"","_global_stock_mode":"","_global_stock_cap":"","_tribe_rsvp_for_event":"","_tribe_ticket_going_count":"","_tribe_ticket_not_going_count":"","_tribe_tickets_list":"[]","_tribe_ticket_has_attendee_info_fields":false,"footnotes":"","_tec_slr_enabled":"","_tec_slr_layout":""},"class_list":["post-94","page","type-page","status-publish","hentry"],"jetpack_sharing_enabled":true,"ticketed":false,"_links":{"self":[{"href":"https:\/\/rsh-bonn.de\/index.php?rest_route=\/wp\/v2\/pages\/94","targetHints":{"allow":["GET"]}}],"collection":[{"href":"https:\/\/rsh-bonn.de\/index.php?rest_route=\/wp\/v2\/pages"}],"about":[{"href":"https:\/\/rsh-bonn.de\/index.php?rest_route=\/wp\/v2\/types\/page"}],"author":[{"embeddable":true,"href":"https:\/\/rsh-bonn.de\/index.php?rest_route=\/wp\/v2\/users\/1"}],"replies":[{"embeddable":true,"href":"https:\/\/rsh-bonn.de\/index.php?rest_route=%2Fwp%2Fv2%2Fcomments&post=94"}],"version-history":[{"count":2,"href":"https:\/\/rsh-bonn.de\/index.php?rest_route=\/wp\/v2\/pages\/94\/revisions"}],"predecessor-version":[{"id":696,"href":"https:\/\/rsh-bonn.de\/index.php?rest_route=\/wp\/v2\/pages\/94\/revisions\/696"}],"wp:attachment":[{"href":"https:\/\/rsh-bonn.de\/index.php?rest_route=%2Fwp%2Fv2%2Fmedia&parent=94"}],"curies":[{"name":"wp","href":"https:\/\/api.w.org\/{rel}","templated":true}]}}